{"id":45636,"date":"2025-03-25T19:48:56","date_gmt":"2025-03-25T16:48:56","guid":{"rendered":"https:\/\/oktaytuney.com\/politica-de-privacidad\/"},"modified":"2026-05-05T20:43:26","modified_gmt":"2026-05-05T17:43:26","slug":"politica-de-privacidad","status":"publish","type":"page","link":"https:\/\/oktaytuney.com\/es\/politica-de-privacidad\/","title":{"rendered":"Pol\u00edtica de privacidad"},"content":{"rendered":"\t\t<div data-elementor-type=\"wp-page\" data-elementor-id=\"45636\" class=\"elementor elementor-45636 elementor-3\">\n\t\t\t\t<div class=\"elementor-element elementor-element-69cdd607 e-flex e-con-boxed cmsmasters-block-default e-con e-parent\" data-id=\"69cdd607\" data-element_type=\"container\" data-e-type=\"container\">\n\t\t\t\t\t<div class=\"e-con-inner\">\n\t\t<div class=\"elementor-element elementor-element-518279d e-con-full e-flex cmsmasters-bg-hide-none cmsmasters-bg-hide-none cmsmasters-block-default e-con e-child\" data-id=\"518279d\" data-element_type=\"container\" data-e-type=\"container\" data-settings=\"{&quot;background_background&quot;:&quot;classic&quot;}\">\n\t\t\t\t<div class=\"elementor-element elementor-element-cb89429 elementor-widget__width-initial elementor-widget-mobile__width-initial cmsmasters-block-default cmsmasters-sticky-default elementor-widget elementor-widget-heading\" data-id=\"cb89429\" data-element_type=\"widget\" data-e-type=\"widget\" data-widget_type=\"heading.default\">\n\t\t\t\t<div class=\"elementor-widget-container\">\n\t\t\t\t\t<h1 class=\"elementor-heading-title elementor-size-default\">Archivos<\/h1>\t\t\t\t<\/div>\n\t\t\t\t<\/div>\n\t\t\t\t<\/div>\n\t\t\t\t<div class=\"elementor-element elementor-element-259f1ba2 cmsmasters-block-default cmsmasters-sticky-default elementor-widget elementor-widget-text-editor\" data-id=\"259f1ba2\" data-element_type=\"widget\" data-e-type=\"widget\" data-widget_type=\"text-editor.default\">\n\t\t\t\t<div class=\"elementor-widget-container\">\n\t\t\t\t\t\t\t\t\t<p>Su seguridad es importante para nosotros. Por este motivo, los datos personales que comparte con nosotros est\u00e1n meticulosamente protegidos. <\/p><p>Nosotros, la Cl\u00ednica Oktay Tuney, como responsable del tratamiento de datos, pretendemos informarle a trav\u00e9s de esta pol\u00edtica de privacidad y protecci\u00f3n de datos personales sobre qu\u00e9 datos personales suyos ser\u00e1n tratados y con qu\u00e9 finalidad, con qui\u00e9n y por qu\u00e9 pueden ser compartidos los datos tratados, nuestros m\u00e9todos de tratamiento de datos, nuestras bases legales y sus derechos en relaci\u00f3n con los datos tratados.<\/p><p>Datos personales recogidos, m\u00e9todo de recogida y base jur\u00eddica<\/p><p>Su direcci\u00f3n IP y la informaci\u00f3n del agente de usuario se recopilar\u00e1n, registrar\u00e1n, almacenar\u00e1n, actualizar\u00e1n y procesar\u00e1n mediante m\u00e9todos automatizados o no automatizados y, en ocasiones, se obtendr\u00e1n de terceros como proveedores de an\u00e1lisis, redes publicitarias, proveedores de informaci\u00f3n de b\u00fasqueda y proveedores de tecnolog\u00eda, utilizando tecnolog\u00edas como las cookies, \u00fanicamente con fines de an\u00e1lisis. Este tratamiento se basar\u00e1 en la condici\u00f3n de tratamiento de inter\u00e9s leg\u00edtimo, en el marco de nuestra relaci\u00f3n de servicio y contractual, y durante toda la duraci\u00f3n del servicio y del contrato. <\/p><p>Finalidad del tratamiento de sus datos personales<\/p><p>Los datos personales que comparta con nosotros se procesar\u00e1n \u00fanicamente con fines de an\u00e1lisis: para cumplir mejor los requisitos de los servicios que prestamos, permitir el acceso y la m\u00e1xima utilizaci\u00f3n de estos servicios por su parte, mejorar nuestros servicios de acuerdo con sus necesidades, ponerle en contacto con proveedores de servicios m\u00e1s completos dentro de los marcos legales y cumplir las obligaciones legales (compartiendo los datos personales con las autoridades judiciales y administrativas que lo soliciten). Este tratamiento se llevar\u00e1 a cabo durante la vigencia del contrato y del servicio de forma adecuada y proporcionada a la finalidad. <\/p><p>\u00bfA qui\u00e9n y con qu\u00e9 fines pueden transferirse los datos personales recopilados?<\/p><p>Los datos personales que comparta con nosotros podr\u00e1n ser transferidos a terceras personas, instituciones y organizaciones nacionales y extranjeras con las que mantengamos relaciones contractuales, colaboremos y realicemos actividades, as\u00ed como a las autoridades judiciales y administrativas que lo soliciten, siempre que se tomen las medidas t\u00e9cnicas y administrativas necesarias.<\/p><p>Sus derechos como interesado cuyos datos personales se tratan<\/p><p>Seg\u00fan el art\u00edculo 11 de la LPPD (Ley de Protecci\u00f3n de Datos de Car\u00e1cter Personal), toda persona puede ejercer los siguientes derechos dirigi\u00e9ndose al responsable del tratamiento:<\/p><p>Conocer si los datos personales son objeto de tratamiento.<br>Solicitar informaci\u00f3n si los datos personales han sido objeto de tratamiento.<br>Conocer la finalidad del tratamiento de los datos personales y si se utilizan conforme a su finalidad.<br>Conocer los terceros en el pa\u00eds o en el extranjero a los que se han transferido los datos personales.<br>Solicitar la rectificaci\u00f3n de los datos personales si est\u00e1n incompletos o incorrectamente tratados.<br>Solicitar la supresi\u00f3n o destrucci\u00f3n de los datos personales.<br>Solicitar la notificaci\u00f3n de las operaciones realizadas seg\u00fan los puntos (e) y (f) a terceros a los que se hayan transferido datos personales,<br>Oponerse a que se produzca un resultado en contra de la persona mediante el an\u00e1lisis de los datos procesados exclusivamente a trav\u00e9s de sistemas automatizados,<br>Exigir una indemnizaci\u00f3n por los da\u00f1os y perjuicios derivados del tratamiento il\u00edcito de los datos personales.<br>Usted es totalmente libre de aceptar o rechazar el tratamiento de sus datos personales necesarios con el fin de prestarle servicios y realizar an\u00e1lisis. Si contin\u00faa utilizando el sitio web, se entender\u00e1 que lo ha aceptado. No dude en ponerse en contacto con nosotros por correo electr\u00f3nico en info@oktaytuney.com para obtener informaci\u00f3n m\u00e1s detallada.    <\/p><p><strong>P\u00f3ngase en contacto con<\/strong><\/p><p>Para poder prestarle servicios y realizar an\u00e1lisis, sus datos personales que sean necesarios ser\u00e1n tratados de acuerdo con esta pol\u00edtica de privacidad y tratamiento de datos personales. Usted es completamente libre de decidir si la acepta o no. Si contin\u00faa utilizando el sitio, se asumir\u00e1 que la ha aceptado. Si desea informaci\u00f3n m\u00e1s detallada, no dude en ponerse en contacto con nosotros a trav\u00e9s de la direcci\u00f3n de correo electr\u00f3nico info@oktaytuney.com.   <\/p>\t\t\t\t\t\t\t\t<\/div>\n\t\t\t\t<\/div>\n\t\t\t\t\t<\/div>\n\t\t\t\t<\/div>\n\t\t\t\t<\/div>\n\t\t","protected":false},"excerpt":{"rendered":"<p>Su seguridad es importante para nosotros. Por este motivo, los datos personales que comparte con nosotros est\u00e1n meticulosamente protegidos. Nosotros, la Cl\u00ednica Oktay Tuney, como responsable del tratamiento de datos, pretendemos informarle a trav\u00e9s de esta pol\u00edtica de privacidad y protecci\u00f3n de datos personales sobre qu\u00e9 datos personales suyos ser\u00e1n tratados y con qu\u00e9 finalidad,&#8230;<\/p>\n","protected":false},"author":1,"featured_media":0,"parent":0,"menu_order":0,"comment_status":"closed","ping_status":"closed","template":"","meta":{"_acf_changed":false,"footnotes":""},"class_list":["post-45636","page","type-page","status-publish","hentry"],"acf":[],"_links":{"self":[{"href":"https:\/\/oktaytuney.com\/es\/wp-json\/wp\/v2\/pages\/45636","targetHints":{"allow":["GET"]}}],"collection":[{"href":"https:\/\/oktaytuney.com\/es\/wp-json\/wp\/v2\/pages"}],"about":[{"href":"https:\/\/oktaytuney.com\/es\/wp-json\/wp\/v2\/types\/page"}],"author":[{"embeddable":true,"href":"https:\/\/oktaytuney.com\/es\/wp-json\/wp\/v2\/users\/1"}],"replies":[{"embeddable":true,"href":"https:\/\/oktaytuney.com\/es\/wp-json\/wp\/v2\/comments?post=45636"}],"version-history":[{"count":3,"href":"https:\/\/oktaytuney.com\/es\/wp-json\/wp\/v2\/pages\/45636\/revisions"}],"predecessor-version":[{"id":45657,"href":"https:\/\/oktaytuney.com\/es\/wp-json\/wp\/v2\/pages\/45636\/revisions\/45657"}],"wp:attachment":[{"href":"https:\/\/oktaytuney.com\/es\/wp-json\/wp\/v2\/media?parent=45636"}],"curies":[{"name":"wp","href":"https:\/\/api.w.org\/{rel}","templated":true}]}}