{"id":44073,"date":"2024-09-12T16:58:32","date_gmt":"2024-09-12T13:58:32","guid":{"rendered":"https:\/\/oktaytuney.com\/appointment\/"},"modified":"2025-05-19T21:16:36","modified_gmt":"2025-05-19T18:16:36","slug":"appointment","status":"publish","type":"page","link":"https:\/\/oktaytuney.com\/fr\/appointment\/","title":{"rendered":"Appointment"},"content":{"rendered":"\t\t<div data-elementor-type=\"wp-page\" data-elementor-id=\"44073\" class=\"elementor elementor-44073 elementor-38603\">\n\t\t\t\t<div class=\"elementor-element elementor-element-7f9359c e-flex e-con-boxed cmsmasters-block-default e-con e-parent\" data-id=\"7f9359c\" data-element_type=\"container\" data-e-type=\"container\">\n\t\t\t\t\t<div class=\"e-con-inner\">\n\t\t<div class=\"elementor-element elementor-element-718e3f5 e-con-full e-flex cmsmasters-block-default e-con e-child\" data-id=\"718e3f5\" data-element_type=\"container\" data-e-type=\"container\">\n\t\t\t\t<div class=\"elementor-element elementor-element-1a61a22 cmsmasters-block-default cmsmasters-sticky-default elementor-widget elementor-widget-heading\" data-id=\"1a61a22\" data-element_type=\"widget\" data-e-type=\"widget\" data-widget_type=\"heading.default\">\n\t\t\t\t<div class=\"elementor-widget-container\">\n\t\t\t\t\t<h3 class=\"elementor-heading-title elementor-size-default\"><h3 class=\"elementor-heading-title elementor-size-default\">Passez \u00e0 l'\u00e9tape suivante et prenez rendez-vous<span><\/span><\/h3><\/h3>\t\t\t\t<\/div>\n\t\t\t\t<\/div>\n\t\t\t\t<div class=\"elementor-element elementor-element-97a4d5f cmsmasters-block-default cmsmasters-sticky-default elementor-widget elementor-widget-text-editor\" data-id=\"97a4d5f\" data-element_type=\"widget\" data-e-type=\"widget\" data-widget_type=\"text-editor.default\">\n\t\t\t\t<div class=\"elementor-widget-container\">\n\t\t\t\t\t\t\t\t\t<p>Planifiez votre visite en ligne<\/p>\t\t\t\t\t\t\t\t<\/div>\n\t\t\t\t<\/div>\n\t\t\t\t<div class=\"elementor-element elementor-element-a3add34 cmsmasters-block-default cmsmasters-sticky-default elementor-widget elementor-widget-cmsmasters-contact-form-seven\" data-id=\"a3add34\" data-element_type=\"widget\" data-e-type=\"widget\" data-settings=\"{&quot;form_list&quot;:&quot;43746&quot;}\" data-widget_type=\"cmsmasters-contact-form-seven.default\">\n\t\t\t\t<div class=\"elementor-widget-container\">\n\t\t\t\t\t<div class=\"elementor-widget-cmsmasters-contact-form__wrapper elementor-widget-cmsmasters-contact-form\" id=\"cmsmasters-widget-form-a3add34\">\n\t\t\t<div class=\"elementor-widget-cmsmasters-contact-form__inner\">\n<div class=\"wpcf7 no-js\" id=\"wpcf7-f44094-o1\" lang=\"fr-FR\" dir=\"ltr\" data-wpcf7-id=\"44094\">\n<div class=\"screen-reader-response\"><p role=\"status\" aria-live=\"polite\" aria-atomic=\"true\"><\/p> <ul><\/ul><\/div>\n<form action=\"\/fr\/wp-json\/wp\/v2\/pages\/44073#wpcf7-f44094-o1\" method=\"post\" class=\"wpcf7-form init\" aria-label=\"Formulaire de contact\" novalidate=\"novalidate\" data-status=\"init\">\n<fieldset class=\"hidden-fields-container\"><input type=\"hidden\" name=\"_wpcf7\" value=\"44094\" \/><input type=\"hidden\" name=\"_wpcf7_version\" value=\"6.1.5\" \/><input type=\"hidden\" name=\"_wpcf7_locale\" value=\"fr_FR\" \/><input type=\"hidden\" name=\"_wpcf7_unit_tag\" value=\"wpcf7-f44094-o1\" \/><input type=\"hidden\" name=\"_wpcf7_container_post\" value=\"0\" \/><input type=\"hidden\" name=\"_wpcf7_posted_data_hash\" value=\"\" \/>\n<\/fieldset>\n<div class=\"wpcf7-turnstile cf-turnstile\" data-sitekey=\"0x4AAAAAABeKgYcB4U_g_k0j\" data-response-field-name=\"_wpcf7_turnstile_response\"><\/div>\n\n<div>\n\t<p><span class=\"wpcf7-form-control-wrap\" data-name=\"adsoyad\"><input size=\"40\" maxlength=\"400\" class=\"wpcf7-form-control wpcf7-text wpcf7-validates-as-required\" aria-required=\"true\" aria-invalid=\"false\" placeholder=\"Votre nom et pr\u00e9nom\" value=\"\" type=\"text\" name=\"adsoyad\" \/><\/span>\n\t<\/p>\n\t<p><span class=\"wpcf7-form-control-wrap\" data-name=\"phone\"><input size=\"40\" class=\"wpcf7-form-control wpcf7-phonetext wpcf7-validates-as-required wpcf7-text wpcf7-validates-as-phonetext\" aria-required=\"true\" aria-invalid=\"false\" placeholder=\"Num\u00e9ro de t\u00e9l\u00e9phone\" value=\"\" type=\"text\" name=\"phone\" \/><input type=\"hidden\" name=\"phone-country-code\" class=\"wpcf7-phonetext-country-code\" \/><\/span>\n\t<\/p>\n\t<p><label> S\u00e9lectionnez le service<br \/>\n<span class=\"wpcf7-form-control-wrap\" data-name=\"Service\"><select class=\"wpcf7-form-control wpcf7-select wpcf7-validates-as-required\" aria-required=\"true\" aria-invalid=\"false\" name=\"Service\"><option value=\"\">&#8212;Veuillez choisir une option&#8212;<\/option><option value=\"Greffe de cheveux\">Greffe de cheveux<\/option><option value=\"Traitements esth\u00e9tiques\">Traitements esth\u00e9tiques<\/option><option value=\"Traitements dentaires\">Traitements dentaires<\/option><\/select><\/span><br \/>\n<\/label>\n\t<\/p>\n\t<p><label> S\u00e9lectionnez la date<br \/>\n<span class=\"wpcf7-form-control-wrap\" data-name=\"date-673\"><input class=\"wpcf7-form-control wpcf7-date wpcf7-validates-as-required wpcf7-validates-as-date walcf7-datepicker\" aria-required=\"true\" aria-invalid=\"false\" value=\"\" type=\"date\" name=\"date-673\" \/><\/span><br \/>\n<\/label>\n\t<\/p>\n\t<p><span class=\"wpcf7-form-control-wrap\" data-name=\"acceptance-570\"><span class=\"wpcf7-form-control wpcf7-acceptance\"><span class=\"wpcf7-list-item\"><input type=\"checkbox\" name=\"acceptance-570\" value=\"1\" aria-invalid=\"false\" \/><\/span><\/span><\/span><a href=\"https:\/\/oktaytuney.com\/pdpl\/\" target=\"_blank\" style=\"color:#fff;\"> J'ai lu et j'accepte la d\u00e9claration de PDPL.<\/a>\n\t<\/p>\n\t<p><input class=\"wpcf7-form-control wpcf7-submit has-spinner\" type=\"submit\" value=\"Free Consultation\" \/>\n\t<\/p>\n<\/div><div class=\"wpcf7-response-output\" aria-hidden=\"true\"><\/div>\n<\/form>\n<\/div>\n<\/div>\n\t\t<\/div>\t\t\t\t<\/div>\n\t\t\t\t<\/div>\n\t\t\t\t<\/div>\n\t\t<div class=\"elementor-element elementor-element-94ddbda elementor-hidden-tablet elementor-hidden-phone e-con-full e-flex cmsmasters-bg-hide-none cmsmasters-bg-hide-none cmsmasters-block-default e-con e-child\" data-id=\"94ddbda\" data-element_type=\"container\" data-e-type=\"container\" data-settings=\"{&quot;background_background&quot;:&quot;classic&quot;}\">\n\t\t\t\t<div class=\"elementor-element elementor-element-cf41831 cmsmasters-block-default cmsmasters-sticky-default elementor-widget elementor-widget-spacer\" data-id=\"cf41831\" data-element_type=\"widget\" data-e-type=\"widget\" data-widget_type=\"spacer.default\">\n\t\t\t\t<div class=\"elementor-widget-container\">\n\t\t\t\t\t\t\t<div class=\"elementor-spacer\">\n\t\t\t<div class=\"elementor-spacer-inner\"><\/div>\n\t\t<\/div>\n\t\t\t\t\t\t<\/div>\n\t\t\t\t<\/div>\n\t\t\t\t<\/div>\n\t\t\t\t\t<\/div>\n\t\t\t\t<\/div>\n\t\t\t\t<\/div>\n\t\t","protected":false},"excerpt":{"rendered":"<p>Passez \u00e0 l&rsquo;\u00e9tape suivante et prenez rendez-vous Planifiez votre visite en ligne<\/p>\n","protected":false},"author":1,"featured_media":0,"parent":0,"menu_order":0,"comment_status":"closed","ping_status":"closed","template":"","meta":{"_acf_changed":false,"footnotes":""},"class_list":["post-44073","page","type-page","status-publish","hentry"],"acf":[],"_links":{"self":[{"href":"https:\/\/oktaytuney.com\/fr\/wp-json\/wp\/v2\/pages\/44073","targetHints":{"allow":["GET"]}}],"collection":[{"href":"https:\/\/oktaytuney.com\/fr\/wp-json\/wp\/v2\/pages"}],"about":[{"href":"https:\/\/oktaytuney.com\/fr\/wp-json\/wp\/v2\/types\/page"}],"author":[{"embeddable":true,"href":"https:\/\/oktaytuney.com\/fr\/wp-json\/wp\/v2\/users\/1"}],"replies":[{"embeddable":true,"href":"https:\/\/oktaytuney.com\/fr\/wp-json\/wp\/v2\/comments?post=44073"}],"version-history":[{"count":0,"href":"https:\/\/oktaytuney.com\/fr\/wp-json\/wp\/v2\/pages\/44073\/revisions"}],"wp:attachment":[{"href":"https:\/\/oktaytuney.com\/fr\/wp-json\/wp\/v2\/media?parent=44073"}],"curies":[{"name":"wp","href":"https:\/\/api.w.org\/{rel}","templated":true}]}}