{"id":45640,"date":"2025-03-25T19:48:56","date_gmt":"2025-03-25T16:48:56","guid":{"rendered":"https:\/\/oktaytuney.com\/politique-de-confidentialite\/"},"modified":"2026-05-05T20:43:27","modified_gmt":"2026-05-05T17:43:27","slug":"politique-de-confidentialite","status":"publish","type":"page","link":"https:\/\/oktaytuney.com\/fr\/politique-de-confidentialite\/","title":{"rendered":"Politique de confidentialit\u00e9"},"content":{"rendered":"\t\t<div data-elementor-type=\"wp-page\" data-elementor-id=\"45640\" class=\"elementor elementor-45640 elementor-3\">\n\t\t\t\t<div class=\"elementor-element elementor-element-69cdd607 e-flex e-con-boxed cmsmasters-block-default e-con e-parent\" data-id=\"69cdd607\" data-element_type=\"container\" data-e-type=\"container\">\n\t\t\t\t\t<div class=\"e-con-inner\">\n\t\t<div class=\"elementor-element elementor-element-518279d e-con-full e-flex cmsmasters-bg-hide-none cmsmasters-bg-hide-none cmsmasters-block-default e-con e-child\" data-id=\"518279d\" data-element_type=\"container\" data-e-type=\"container\" data-settings=\"{&quot;background_background&quot;:&quot;classic&quot;}\">\n\t\t\t\t<div class=\"elementor-element elementor-element-cb89429 elementor-widget__width-initial elementor-widget-mobile__width-initial cmsmasters-block-default cmsmasters-sticky-default elementor-widget elementor-widget-heading\" data-id=\"cb89429\" data-element_type=\"widget\" data-e-type=\"widget\" data-widget_type=\"heading.default\">\n\t\t\t\t<div class=\"elementor-widget-container\">\n\t\t\t\t\t<h1 class=\"elementor-heading-title elementor-size-default\">Archives<\/h1>\t\t\t\t<\/div>\n\t\t\t\t<\/div>\n\t\t\t\t<\/div>\n\t\t\t\t<div class=\"elementor-element elementor-element-259f1ba2 cmsmasters-block-default cmsmasters-sticky-default elementor-widget elementor-widget-text-editor\" data-id=\"259f1ba2\" data-element_type=\"widget\" data-e-type=\"widget\" data-widget_type=\"text-editor.default\">\n\t\t\t\t<div class=\"elementor-widget-container\">\n\t\t\t\t\t\t\t\t\t<p>Votre s\u00e9curit\u00e9 est importante pour nous. C&rsquo;est pourquoi les donn\u00e9es personnelles que vous partagez avec nous sont m\u00e9ticuleusement prot\u00e9g\u00e9es. <\/p><p>Nous, la clinique Oktay Tuney, en tant que responsable du traitement des donn\u00e9es, souhaitons vous informer, par le biais de cette politique de confidentialit\u00e9 et de protection des donn\u00e9es personnelles, sur les donn\u00e9es personnelles vous concernant qui seront trait\u00e9es et dans quel but, avec qui et pourquoi les donn\u00e9es trait\u00e9es peuvent \u00eatre partag\u00e9es, sur nos m\u00e9thodes de traitement des donn\u00e9es, sur nos bases juridiques et sur vos droits concernant les donn\u00e9es trait\u00e9es.<\/p><p>Donn\u00e9es personnelles collect\u00e9es, m\u00e9thode de collecte et base juridique<\/p><p>Votre adresse IP et les informations relatives \u00e0 votre agent utilisateur seront collect\u00e9es, enregistr\u00e9es, stock\u00e9es, mises \u00e0 jour et trait\u00e9es par des m\u00e9thodes automatis\u00e9es ou non automatis\u00e9es et parfois obtenues aupr\u00e8s de tiers tels que des fournisseurs d&rsquo;analyses, des r\u00e9seaux publicitaires, des fournisseurs d&rsquo;informations de recherche et des fournisseurs de technologie, \u00e0 l&rsquo;aide de technologies telles que les cookies, uniquement \u00e0 des fins d&rsquo;analyse. Ce traitement sera fond\u00e9 sur la condition de traitement de l&rsquo;int\u00e9r\u00eat l\u00e9gitime, dans le cadre de notre service et de notre relation contractuelle, et pendant toute la dur\u00e9e du service et du contrat. <\/p><p>Finalit\u00e9 du traitement de vos donn\u00e9es personnelles<\/p><p>Les donn\u00e9es personnelles que vous nous communiquez ne seront trait\u00e9es qu&rsquo;\u00e0 des fins d&rsquo;analyse : pour r\u00e9pondre au mieux aux exigences des services que nous fournissons, pour vous permettre d&rsquo;acc\u00e9der \u00e0 ces services et de les utiliser au maximum, pour am\u00e9liorer nos services en fonction de vos besoins, pour vous mettre en relation avec des fournisseurs de services plus complets dans les cadres l\u00e9gaux et pour remplir les obligations l\u00e9gales (partage des donn\u00e9es personnelles avec les autorit\u00e9s judiciaires et administratives sur demande). Ce traitement sera effectu\u00e9 pendant la dur\u00e9e du contrat et du service d&rsquo;une mani\u00e8re appropri\u00e9e et proportionn\u00e9e \u00e0 l&rsquo;objectif poursuivi. <\/p><p>\u00c0 qui et \u00e0 quelles fins les donn\u00e9es personnelles collect\u00e9es peuvent-elles \u00eatre transf\u00e9r\u00e9es ?<\/p><p>Les donn\u00e9es \u00e0 caract\u00e8re personnel que vous nous communiquez peuvent \u00eatre transf\u00e9r\u00e9es \u00e0 des tiers, institutions et organisations nationaux et \u00e9trangers avec lesquels nous entretenons des relations contractuelles, collaborons et exer\u00e7ons des activit\u00e9s, ainsi qu&rsquo;\u00e0 des autorit\u00e9s judiciaires et administratives sur demande, \u00e0 condition que les mesures techniques et administratives n\u00e9cessaires soient prises.<\/p><p>Vos droits en tant que personne dont les donn\u00e9es personnelles sont trait\u00e9es<\/p><p>Selon l&rsquo;article 11 de la LPPD (loi sur la protection des donn\u00e9es \u00e0 caract\u00e8re personnel), toute personne peut exercer les droits suivants en s&rsquo;adressant au responsable du traitement des donn\u00e9es :<\/p><p>Savoir si des donn\u00e9es personnelles sont trait\u00e9es.<br>Demander des informations si des donn\u00e9es personnelles ont \u00e9t\u00e9 trait\u00e9es.<br>Conna\u00eetre la finalit\u00e9 du traitement des donn\u00e9es personnelles et savoir si elles sont utilis\u00e9es conform\u00e9ment \u00e0 leur finalit\u00e9.<br>Conna\u00eetre les tiers dans le pays ou \u00e0 l&rsquo;\u00e9tranger auxquels les donn\u00e9es personnelles ont \u00e9t\u00e9 transf\u00e9r\u00e9es.<br>Demander la correction des donn\u00e9es personnelles si elles sont incompl\u00e8tes ou incorrectement trait\u00e9es.<br>Demander l&rsquo;effacement ou la destruction des donn\u00e9es personnelles.<br>Demander la notification des op\u00e9rations effectu\u00e9es conform\u00e9ment aux points (e) et (f) aux tiers auxquels les donn\u00e9es personnelles ont \u00e9t\u00e9 transf\u00e9r\u00e9es,<br>S&rsquo;opposer \u00e0 la survenance d&rsquo;un r\u00e9sultat contre la personne en analysant les donn\u00e9es trait\u00e9es exclusivement par des syst\u00e8mes automatis\u00e9s,<br>Demander la r\u00e9paration du pr\u00e9judice d\u00e9coulant du traitement ill\u00e9gal des donn\u00e9es personnelles.<br>Vous \u00eates enti\u00e8rement libre d&rsquo;accepter ou de refuser le traitement de vos donn\u00e9es personnelles n\u00e9cessaires dans le but de vous fournir des services et d&rsquo;effectuer des analyses. Si vous continuez \u00e0 utiliser le site web, nous supposerons que vous l&rsquo;avez accept\u00e9. N&rsquo;h\u00e9sitez pas \u00e0 nous contacter par courrier \u00e9lectronique \u00e0 l&rsquo;adresse info@oktaytuney.com pour obtenir des informations plus d\u00e9taill\u00e9es.    <\/p><p><strong>Contact<\/strong><\/p><p>Pour pouvoir vous fournir des services et effectuer des analyses, vos donn\u00e9es personnelles qui sont n\u00e9cessaires seront trait\u00e9es conform\u00e9ment \u00e0 la pr\u00e9sente politique de confidentialit\u00e9 et de traitement des donn\u00e9es personnelles. Vous \u00eates enti\u00e8rement libre de l&rsquo;accepter ou non. Si vous continuez \u00e0 utiliser le site, nous supposerons que vous l&rsquo;avez accept\u00e9e. Pour de plus amples informations, n&rsquo;h\u00e9sitez pas \u00e0 nous contacter \u00e0 l&rsquo;adresse \u00e9lectronique info@oktaytuney.com.   <\/p>\t\t\t\t\t\t\t\t<\/div>\n\t\t\t\t<\/div>\n\t\t\t\t\t<\/div>\n\t\t\t\t<\/div>\n\t\t\t\t<\/div>\n\t\t","protected":false},"excerpt":{"rendered":"<p>Votre s\u00e9curit\u00e9 est importante pour nous. C&rsquo;est pourquoi les donn\u00e9es personnelles que vous partagez avec nous sont m\u00e9ticuleusement prot\u00e9g\u00e9es. Nous, la clinique Oktay Tuney, en tant que responsable du traitement des donn\u00e9es, souhaitons vous informer, par le biais de cette politique de confidentialit\u00e9 et de protection des donn\u00e9es personnelles, sur les donn\u00e9es personnelles vous concernant&#8230;<\/p>\n","protected":false},"author":1,"featured_media":0,"parent":0,"menu_order":0,"comment_status":"closed","ping_status":"closed","template":"","meta":{"_acf_changed":false,"footnotes":""},"class_list":["post-45640","page","type-page","status-publish","hentry"],"acf":[],"_links":{"self":[{"href":"https:\/\/oktaytuney.com\/fr\/wp-json\/wp\/v2\/pages\/45640","targetHints":{"allow":["GET"]}}],"collection":[{"href":"https:\/\/oktaytuney.com\/fr\/wp-json\/wp\/v2\/pages"}],"about":[{"href":"https:\/\/oktaytuney.com\/fr\/wp-json\/wp\/v2\/types\/page"}],"author":[{"embeddable":true,"href":"https:\/\/oktaytuney.com\/fr\/wp-json\/wp\/v2\/users\/1"}],"replies":[{"embeddable":true,"href":"https:\/\/oktaytuney.com\/fr\/wp-json\/wp\/v2\/comments?post=45640"}],"version-history":[{"count":3,"href":"https:\/\/oktaytuney.com\/fr\/wp-json\/wp\/v2\/pages\/45640\/revisions"}],"predecessor-version":[{"id":45658,"href":"https:\/\/oktaytuney.com\/fr\/wp-json\/wp\/v2\/pages\/45640\/revisions\/45658"}],"wp:attachment":[{"href":"https:\/\/oktaytuney.com\/fr\/wp-json\/wp\/v2\/media?parent=45640"}],"curies":[{"name":"wp","href":"https:\/\/api.w.org\/{rel}","templated":true}]}}