{"id":43898,"date":"2025-04-27T17:25:31","date_gmt":"2025-04-27T14:25:31","guid":{"rendered":"https:\/\/oktaytuney.com\/noi-nella-stampa\/"},"modified":"2025-05-18T20:25:38","modified_gmt":"2025-05-18T17:25:38","slug":"noi-nella-stampa","status":"publish","type":"page","link":"https:\/\/oktaytuney.com\/it\/noi-nella-stampa\/","title":{"rendered":"Noi nella stampa"},"content":{"rendered":"\t\t<div data-elementor-type=\"wp-page\" data-elementor-id=\"43898\" class=\"elementor elementor-43898 elementor-41342\">\n\t\t\t\t<div class=\"elementor-element elementor-element-9824e27 e-con-full e-flex cmsmasters-block-default e-con e-parent\" data-id=\"9824e27\" data-element_type=\"container\" data-e-type=\"container\">\n\t\t<div class=\"elementor-element elementor-element-34f531e e-con-full e-flex cmsmasters-bg-hide-none cmsmasters-bg-hide-none cmsmasters-block-default e-con e-child\" data-id=\"34f531e\" data-element_type=\"container\" data-e-type=\"container\" data-settings=\"{&quot;background_background&quot;:&quot;classic&quot;}\">\n\t\t\t\t<div class=\"elementor-element elementor-element-f8f4920 cmsmasters-line-clamp-no cmsmasters-color-variation-default cmsmasters-pointer-none cmsmasters-block-default cmsmasters-sticky-default elementor-widget elementor-widget-cmsmasters-post-title cmsmasters-widget-title\" data-id=\"f8f4920\" data-element_type=\"widget\" data-e-type=\"widget\" data-widget_type=\"cmsmasters-post-title.default\">\n\t\t\t\t<div class=\"elementor-widget-container\">\n\t\t\t\t\t<h3 class=\"entry-title cmsmasters-widget-title__heading \">Noi nella stampa<\/h3>\t\t\t\t<\/div>\n\t\t\t\t<\/div>\n\t\t\t\t<\/div>\n\t\t<div class=\"elementor-element elementor-element-ac0066c e-con-full e-flex cmsmasters-block-default e-con e-child\" data-id=\"ac0066c\" data-element_type=\"container\" data-e-type=\"container\">\n\t\t\t\t<div class=\"elementor-element elementor-element-aa412ef elementor-widget-divider--view-line cmsmasters-block-default cmsmasters-sticky-default elementor-widget elementor-widget-divider\" data-id=\"aa412ef\" data-element_type=\"widget\" data-e-type=\"widget\" data-widget_type=\"divider.default\">\n\t\t\t\t<div class=\"elementor-widget-container\">\n\t\t\t\t\t\t\t<div class=\"elementor-divider\">\n\t\t\t<span class=\"elementor-divider-separator\">\n\t\t\t\t\t\t<\/span>\n\t\t<\/div>\n\t\t\t\t\t\t<\/div>\n\t\t\t\t<\/div>\n\t\t<div class=\"elementor-element elementor-element-877d1f8 e-con-full e-flex cmsmasters-block-default e-con e-child\" data-id=\"877d1f8\" data-element_type=\"container\" data-e-type=\"container\">\n\t\t\t\t<\/div>\n\t\t\t\t<\/div>\n\t\t\t\t<\/div>\n\t\t<div class=\"elementor-element elementor-element-bb6e7d1 e-grid e-con-boxed cmsmasters-block-default e-con e-parent\" data-id=\"bb6e7d1\" data-element_type=\"container\" data-e-type=\"container\">\n\t\t\t\t\t<div class=\"e-con-inner\">\n\t\t<div class=\"elementor-element elementor-element-a7c03ba e-con-full e-flex cmsmasters-block-default e-con e-child\" data-id=\"a7c03ba\" data-element_type=\"container\" data-e-type=\"container\">\n\t\t\t\t<div class=\"elementor-element elementor-element-40b3b19 cmsmasters-block-default cmsmasters-sticky-default elementor-widget elementor-widget-image\" data-id=\"40b3b19\" data-element_type=\"widget\" data-e-type=\"widget\" data-widget_type=\"image.default\">\n\t\t\t\t<div class=\"elementor-widget-container\">\n\t\t\t\t\t\t\t\t\t\t\t\t\t\t\t\t<a href=\"https:\/\/www.iha.com.tr\/haber-oktay-tuney-sac-ekimi-yaptirirken-pandemi-nedeniyle-tedbir-alan-klinikleri-tercih-edin-851087\" target=\"_blank\" rel=\"noopener\">\n\t\t\t\t\t\t\t<img fetchpriority=\"high\" decoding=\"async\" width=\"770\" height=\"635\" src=\"https:\/\/oktaytuney.com\/wp-content\/uploads\/2025\/04\/iha-30x30.webp\" class=\"attachment-large size-large wp-image-43165 cmsmasters_img cmsmasters-lazyload lazyload\" alt=\"\" data-sizes=\"(max-width: 770px) 100vw, 770px\" data-src=\"https:\/\/oktaytuney.com\/wp-content\/uploads\/2025\/04\/iha.webp\" data-srcset=\"https:\/\/oktaytuney.com\/wp-content\/uploads\/2025\/04\/iha.webp 770w, https:\/\/oktaytuney.com\/wp-content\/uploads\/2025\/04\/iha-300x247.webp 300w, https:\/\/oktaytuney.com\/wp-content\/uploads\/2025\/04\/iha-768x633.webp 768w, https:\/\/oktaytuney.com\/wp-content\/uploads\/2025\/04\/iha-364x300.webp 364w, https:\/\/oktaytuney.com\/wp-content\/uploads\/2025\/04\/iha-600x495.webp 600w, https:\/\/oktaytuney.com\/wp-content\/uploads\/2025\/04\/iha-30x25.webp 30w, https:\/\/oktaytuney.com\/wp-content\/uploads\/2025\/04\/iha-12x10.webp 12w\" srcset=\"https:\/\/oktaytuney.com\/wp-content\/uploads\/2025\/04\/iha-300x247.webp 300w, https:\/\/oktaytuney.com\/wp-content\/uploads\/2025\/04\/iha-768x633.webp 768w, https:\/\/oktaytuney.com\/wp-content\/uploads\/2025\/04\/iha-364x300.webp 364w, https:\/\/oktaytuney.com\/wp-content\/uploads\/2025\/04\/iha-600x495.webp 600w, https:\/\/oktaytuney.com\/wp-content\/uploads\/2025\/04\/iha-30x25.webp 30w, https:\/\/oktaytuney.com\/wp-content\/uploads\/2025\/04\/iha-12x10.webp 12w, https:\/\/oktaytuney.com\/wp-content\/uploads\/2025\/04\/iha.webp 770w\" sizes=\"(max-width: 770px) 100vw, 770px\" \/>\t\t\t\t\t\t\t\t<\/a>\n\t\t\t\t\t\t\t\t\t\t\t\t\t\t\t<\/div>\n\t\t\t\t<\/div>\n\t\t\t\t<div class=\"elementor-element elementor-element-f27c673 cmsmasters-block-default cmsmasters-sticky-default elementor-widget elementor-widget-text-editor\" data-id=\"f27c673\" data-element_type=\"widget\" data-e-type=\"widget\" data-widget_type=\"text-editor.default\">\n\t\t\t\t<div class=\"elementor-widget-container\">\n\t\t\t\t\t\t\t\t\t<p><a href=\"https:\/\/www.iha.com.tr\/haber-oktay-tuney-sac-ekimi-yaptirirken-pandemi-nedeniyle-tedbir-alan-klinikleri-tercih-edin-851087\" target=\"_blank\" rel=\"noopener\">Oktay T\u00fcney: &#8220;Quando si sottopone a un trapianto di capelli, scelga le cliniche che prendono precauzioni a causa della pandemia&#8221;.<\/a><\/p>\t\t\t\t\t\t\t\t<\/div>\n\t\t\t\t<\/div>\n\t\t\t\t<\/div>\n\t\t<div class=\"elementor-element elementor-element-4c88663 e-con-full e-flex cmsmasters-block-default e-con e-child\" data-id=\"4c88663\" data-element_type=\"container\" data-e-type=\"container\">\n\t\t\t\t<div class=\"elementor-element elementor-element-fb15a8e cmsmasters-block-default cmsmasters-sticky-default elementor-widget elementor-widget-image\" data-id=\"fb15a8e\" data-element_type=\"widget\" data-e-type=\"widget\" data-widget_type=\"image.default\">\n\t\t\t\t<div class=\"elementor-widget-container\">\n\t\t\t\t\t\t\t\t\t\t\t\t\t\t\t\t<a href=\"https:\/\/www.haberturk.com\/erzurum-haberleri\/78940987-oktay-tuney-agrisiz-sac-ekiminin-puf-noktalari-aciklandi\" target=\"_blank\" rel=\"noopener\">\n\t\t\t\t\t\t\t<img decoding=\"async\" width=\"770\" height=\"635\" src=\"https:\/\/oktaytuney.com\/wp-content\/uploads\/2025\/04\/haberturk-30x30.webp\" class=\"attachment-large size-large wp-image-43169 cmsmasters_img cmsmasters-lazyload lazyload\" alt=\"\" data-sizes=\"(max-width: 770px) 100vw, 770px\" data-src=\"https:\/\/oktaytuney.com\/wp-content\/uploads\/2025\/04\/haberturk.webp\" data-srcset=\"https:\/\/oktaytuney.com\/wp-content\/uploads\/2025\/04\/haberturk.webp 770w, https:\/\/oktaytuney.com\/wp-content\/uploads\/2025\/04\/haberturk-300x247.webp 300w, https:\/\/oktaytuney.com\/wp-content\/uploads\/2025\/04\/haberturk-768x633.webp 768w, https:\/\/oktaytuney.com\/wp-content\/uploads\/2025\/04\/haberturk-364x300.webp 364w, https:\/\/oktaytuney.com\/wp-content\/uploads\/2025\/04\/haberturk-600x495.webp 600w, https:\/\/oktaytuney.com\/wp-content\/uploads\/2025\/04\/haberturk-30x25.webp 30w, https:\/\/oktaytuney.com\/wp-content\/uploads\/2025\/04\/haberturk-12x10.webp 12w\" srcset=\"https:\/\/oktaytuney.com\/wp-content\/uploads\/2025\/04\/haberturk-300x247.webp 300w, https:\/\/oktaytuney.com\/wp-content\/uploads\/2025\/04\/haberturk-768x633.webp 768w, https:\/\/oktaytuney.com\/wp-content\/uploads\/2025\/04\/haberturk-364x300.webp 364w, https:\/\/oktaytuney.com\/wp-content\/uploads\/2025\/04\/haberturk-600x495.webp 600w, https:\/\/oktaytuney.com\/wp-content\/uploads\/2025\/04\/haberturk-30x25.webp 30w, https:\/\/oktaytuney.com\/wp-content\/uploads\/2025\/04\/haberturk-12x10.webp 12w, https:\/\/oktaytuney.com\/wp-content\/uploads\/2025\/04\/haberturk.webp 770w\" sizes=\"(max-width: 770px) 100vw, 770px\" \/>\t\t\t\t\t\t\t\t<\/a>\n\t\t\t\t\t\t\t\t\t\t\t\t\t\t\t<\/div>\n\t\t\t\t<\/div>\n\t\t\t\t<div class=\"elementor-element elementor-element-cbf4991 cmsmasters-block-default cmsmasters-sticky-default elementor-widget elementor-widget-text-editor\" data-id=\"cbf4991\" data-element_type=\"widget\" data-e-type=\"widget\" data-widget_type=\"text-editor.default\">\n\t\t\t\t<div class=\"elementor-widget-container\">\n\t\t\t\t\t\t\t\t\t<p><a href=\"https:\/\/www.haberturk.com\/erzurum-haberleri\/78940987-oktay-tuney-agrisiz-sac-ekiminin-puf-noktalari-aciklandi\" target=\"_blank\" rel=\"noopener\">Oktay T\u00fcney ha spiegato i trucchi del trapianto di capelli indolore.<\/a><\/p>\t\t\t\t\t\t\t\t<\/div>\n\t\t\t\t<\/div>\n\t\t\t\t<\/div>\n\t\t<div class=\"elementor-element elementor-element-356011e e-con-full e-flex cmsmasters-block-default e-con e-child\" data-id=\"356011e\" data-element_type=\"container\" data-e-type=\"container\">\n\t\t\t\t<div class=\"elementor-element elementor-element-8c76737 cmsmasters-block-default cmsmasters-sticky-default elementor-widget elementor-widget-image\" data-id=\"8c76737\" data-element_type=\"widget\" data-e-type=\"widget\" data-widget_type=\"image.default\">\n\t\t\t\t<div class=\"elementor-widget-container\">\n\t\t\t\t\t\t\t\t\t\t\t\t\t\t\t\t<a href=\"https:\/\/www.posta.com.tr\/galeri\/sac-ekiminde-nelere-dikkat-ediliyor-sac-neden-dokulur-2258854\/5\" target=\"_blank\" rel=\"noopener\">\n\t\t\t\t\t\t\t<img decoding=\"async\" width=\"770\" height=\"635\" src=\"https:\/\/oktaytuney.com\/wp-content\/uploads\/2025\/04\/posta-30x30.webp\" class=\"attachment-large size-large wp-image-43161 cmsmasters_img cmsmasters-lazyload lazyload\" alt=\"\" data-sizes=\"(max-width: 770px) 100vw, 770px\" data-src=\"https:\/\/oktaytuney.com\/wp-content\/uploads\/2025\/04\/posta.webp\" data-srcset=\"https:\/\/oktaytuney.com\/wp-content\/uploads\/2025\/04\/posta.webp 770w, https:\/\/oktaytuney.com\/wp-content\/uploads\/2025\/04\/posta-300x247.webp 300w, https:\/\/oktaytuney.com\/wp-content\/uploads\/2025\/04\/posta-768x633.webp 768w, https:\/\/oktaytuney.com\/wp-content\/uploads\/2025\/04\/posta-364x300.webp 364w, https:\/\/oktaytuney.com\/wp-content\/uploads\/2025\/04\/posta-600x495.webp 600w, https:\/\/oktaytuney.com\/wp-content\/uploads\/2025\/04\/posta-30x25.webp 30w, https:\/\/oktaytuney.com\/wp-content\/uploads\/2025\/04\/posta-12x10.webp 12w\" srcset=\"https:\/\/oktaytuney.com\/wp-content\/uploads\/2025\/04\/posta-300x247.webp 300w, https:\/\/oktaytuney.com\/wp-content\/uploads\/2025\/04\/posta-768x633.webp 768w, https:\/\/oktaytuney.com\/wp-content\/uploads\/2025\/04\/posta-364x300.webp 364w, https:\/\/oktaytuney.com\/wp-content\/uploads\/2025\/04\/posta-600x495.webp 600w, https:\/\/oktaytuney.com\/wp-content\/uploads\/2025\/04\/posta-30x25.webp 30w, https:\/\/oktaytuney.com\/wp-content\/uploads\/2025\/04\/posta-12x10.webp 12w, https:\/\/oktaytuney.com\/wp-content\/uploads\/2025\/04\/posta.webp 770w\" sizes=\"(max-width: 770px) 100vw, 770px\" \/>\t\t\t\t\t\t\t\t<\/a>\n\t\t\t\t\t\t\t\t\t\t\t\t\t\t\t<\/div>\n\t\t\t\t<\/div>\n\t\t\t\t<div class=\"elementor-element elementor-element-c0fc8c3 cmsmasters-block-default cmsmasters-sticky-default elementor-widget elementor-widget-text-editor\" data-id=\"c0fc8c3\" data-element_type=\"widget\" data-e-type=\"widget\" data-widget_type=\"text-editor.default\">\n\t\t\t\t<div class=\"elementor-widget-container\">\n\t\t\t\t\t\t\t\t\t<p><a href=\"https:\/\/www.posta.com.tr\/galeri\/sac-ekiminde-nelere-dikkat-ediliyor-sac-neden-dokulur-2258854\/5\" target=\"_blank\" rel=\"noopener\">Cosa si considera nel trapianto di capelli? Perch\u00e9 i capelli cadono? <\/a><\/p>\t\t\t\t\t\t\t\t<\/div>\n\t\t\t\t<\/div>\n\t\t\t\t<\/div>\n\t\t<div class=\"elementor-element elementor-element-bff5710 e-con-full e-flex cmsmasters-block-default e-con e-child\" data-id=\"bff5710\" data-element_type=\"container\" data-e-type=\"container\">\n\t\t\t\t<div class=\"elementor-element elementor-element-831f7bd cmsmasters-block-default cmsmasters-sticky-default elementor-widget elementor-widget-image\" data-id=\"831f7bd\" data-element_type=\"widget\" data-e-type=\"widget\" data-widget_type=\"image.default\">\n\t\t\t\t<div class=\"elementor-widget-container\">\n\t\t\t\t\t\t\t\t\t\t\t\t\t\t\t\t<a href=\"https:\/\/www.tgrthaber.com\/medya\/sac-ekim-merkezi-ceosu-oktay-tuney-ingiltereye-ikinci-klinigini-acmaya-hazirlaniyor-2750505\" target=\"_blank\" rel=\"noopener\">\n\t\t\t\t\t\t\t<img loading=\"lazy\" decoding=\"async\" width=\"770\" height=\"635\" src=\"https:\/\/oktaytuney.com\/wp-content\/uploads\/2025\/04\/tgrt-30x30.webp\" class=\"attachment-large size-large wp-image-43157 cmsmasters_img cmsmasters-lazyload lazyload\" alt=\"\" data-sizes=\"(max-width: 770px) 100vw, 770px\" data-src=\"https:\/\/oktaytuney.com\/wp-content\/uploads\/2025\/04\/tgrt.webp\" data-srcset=\"https:\/\/oktaytuney.com\/wp-content\/uploads\/2025\/04\/tgrt.webp 770w, https:\/\/oktaytuney.com\/wp-content\/uploads\/2025\/04\/tgrt-300x247.webp 300w, https:\/\/oktaytuney.com\/wp-content\/uploads\/2025\/04\/tgrt-768x633.webp 768w, https:\/\/oktaytuney.com\/wp-content\/uploads\/2025\/04\/tgrt-364x300.webp 364w, https:\/\/oktaytuney.com\/wp-content\/uploads\/2025\/04\/tgrt-600x495.webp 600w, https:\/\/oktaytuney.com\/wp-content\/uploads\/2025\/04\/tgrt-30x25.webp 30w, https:\/\/oktaytuney.com\/wp-content\/uploads\/2025\/04\/tgrt-12x10.webp 12w\" srcset=\"https:\/\/oktaytuney.com\/wp-content\/uploads\/2025\/04\/tgrt-300x247.webp 300w, https:\/\/oktaytuney.com\/wp-content\/uploads\/2025\/04\/tgrt-768x633.webp 768w, https:\/\/oktaytuney.com\/wp-content\/uploads\/2025\/04\/tgrt-364x300.webp 364w, https:\/\/oktaytuney.com\/wp-content\/uploads\/2025\/04\/tgrt-600x495.webp 600w, https:\/\/oktaytuney.com\/wp-content\/uploads\/2025\/04\/tgrt-30x25.webp 30w, https:\/\/oktaytuney.com\/wp-content\/uploads\/2025\/04\/tgrt-12x10.webp 12w, https:\/\/oktaytuney.com\/wp-content\/uploads\/2025\/04\/tgrt.webp 770w\" sizes=\"(max-width: 770px) 100vw, 770px\" \/>\t\t\t\t\t\t\t\t<\/a>\n\t\t\t\t\t\t\t\t\t\t\t\t\t\t\t<\/div>\n\t\t\t\t<\/div>\n\t\t\t\t<div class=\"elementor-element elementor-element-80dab32 cmsmasters-block-default cmsmasters-sticky-default elementor-widget elementor-widget-text-editor\" data-id=\"80dab32\" data-element_type=\"widget\" data-e-type=\"widget\" data-widget_type=\"text-editor.default\">\n\t\t\t\t<div class=\"elementor-widget-container\">\n\t\t\t\t\t\t\t\t\t<p><a href=\"https:\/\/www.tgrthaber.com\/medya\/sac-ekim-merkezi-ceosu-oktay-tuney-ingiltereye-ikinci-klinigini-acmaya-hazirlaniyor-2750505\" target=\"_blank\" rel=\"noopener\">Il CEO del Centro di Trapianto di Capelli Oktay T\u00fcney si sta preparando ad aprire la sua seconda clinica in Inghilterra&#8230;<\/a><\/p>\t\t\t\t\t\t\t\t<\/div>\n\t\t\t\t<\/div>\n\t\t\t\t<\/div>\n\t\t\t\t\t<\/div>\n\t\t\t\t<\/div>\n\t\t\t\t<\/div>\n\t\t","protected":false},"excerpt":{"rendered":"<p>Oktay T\u00fcney: &#8220;Quando si sottopone a un trapianto di capelli, scelga le cliniche che prendono precauzioni a causa della pandemia&#8221;. Oktay T\u00fcney ha spiegato i trucchi del trapianto di capelli indolore. Cosa si considera nel trapianto di capelli? Perch\u00e9 i capelli cadono? Il CEO del Centro di Trapianto di Capelli Oktay T\u00fcney si sta preparando&#8230;<\/p>\n","protected":false},"author":1,"featured_media":43173,"parent":0,"menu_order":0,"comment_status":"closed","ping_status":"closed","template":"","meta":{"_acf_changed":false,"footnotes":""},"class_list":["post-43898","page","type-page","status-publish","has-post-thumbnail","hentry"],"acf":[],"_links":{"self":[{"href":"https:\/\/oktaytuney.com\/it\/wp-json\/wp\/v2\/pages\/43898","targetHints":{"allow":["GET"]}}],"collection":[{"href":"https:\/\/oktaytuney.com\/it\/wp-json\/wp\/v2\/pages"}],"about":[{"href":"https:\/\/oktaytuney.com\/it\/wp-json\/wp\/v2\/types\/page"}],"author":[{"embeddable":true,"href":"https:\/\/oktaytuney.com\/it\/wp-json\/wp\/v2\/users\/1"}],"replies":[{"embeddable":true,"href":"https:\/\/oktaytuney.com\/it\/wp-json\/wp\/v2\/comments?post=43898"}],"version-history":[{"count":0,"href":"https:\/\/oktaytuney.com\/it\/wp-json\/wp\/v2\/pages\/43898\/revisions"}],"wp:featuredmedia":[{"embeddable":true,"href":"https:\/\/oktaytuney.com\/it\/wp-json\/wp\/v2\/media\/43173"}],"wp:attachment":[{"href":"https:\/\/oktaytuney.com\/it\/wp-json\/wp\/v2\/media?parent=43898"}],"curies":[{"name":"wp","href":"https:\/\/api.w.org\/{rel}","templated":true}]}}