{"id":45638,"date":"2025-03-25T19:48:56","date_gmt":"2025-03-25T16:48:56","guid":{"rendered":"https:\/\/oktaytuney.com\/politica-sulla-privacy\/"},"modified":"2026-05-05T20:43:28","modified_gmt":"2026-05-05T17:43:28","slug":"politica-sulla-privacy","status":"publish","type":"page","link":"https:\/\/oktaytuney.com\/it\/politica-sulla-privacy\/","title":{"rendered":"Politica sulla Privacy"},"content":{"rendered":"\t\t<div data-elementor-type=\"wp-page\" data-elementor-id=\"45638\" class=\"elementor elementor-45638 elementor-3\">\n\t\t\t\t<div class=\"elementor-element elementor-element-69cdd607 e-flex e-con-boxed cmsmasters-block-default e-con e-parent\" data-id=\"69cdd607\" data-element_type=\"container\" data-e-type=\"container\">\n\t\t\t\t\t<div class=\"e-con-inner\">\n\t\t<div class=\"elementor-element elementor-element-518279d e-con-full e-flex cmsmasters-bg-hide-none cmsmasters-bg-hide-none cmsmasters-block-default e-con e-child\" data-id=\"518279d\" data-element_type=\"container\" data-e-type=\"container\" data-settings=\"{&quot;background_background&quot;:&quot;classic&quot;}\">\n\t\t\t\t<div class=\"elementor-element elementor-element-cb89429 elementor-widget__width-initial elementor-widget-mobile__width-initial cmsmasters-block-default cmsmasters-sticky-default elementor-widget elementor-widget-heading\" data-id=\"cb89429\" data-element_type=\"widget\" data-e-type=\"widget\" data-widget_type=\"heading.default\">\n\t\t\t\t<div class=\"elementor-widget-container\">\n\t\t\t\t\t<h1 class=\"elementor-heading-title elementor-size-default\">Archivi<\/h1>\t\t\t\t<\/div>\n\t\t\t\t<\/div>\n\t\t\t\t<\/div>\n\t\t\t\t<div class=\"elementor-element elementor-element-259f1ba2 cmsmasters-block-default cmsmasters-sticky-default elementor-widget elementor-widget-text-editor\" data-id=\"259f1ba2\" data-element_type=\"widget\" data-e-type=\"widget\" data-widget_type=\"text-editor.default\">\n\t\t\t\t<div class=\"elementor-widget-container\">\n\t\t\t\t\t\t\t\t\t<p>La tua sicurezza \u00e9 importante per noi. Pertanto, i dati personali che condividerai con noi saranno trattati con grande attenzione. <\/p><p>Noi, Oktay Tuney Clinic, in qualit\u00e0 di responsabile del trattamento, con questa politica sulla privacy e sulla protezione dei dati personali, intendiamo fornirti informazioni su quali dati personali saranno trattati per quale scopo, con chi e perch\u00e9 potrebbero essere condivisi, il nostro metodo di trattamento dei dati e le basi giuridiche. Inoltre, intendiamo informarti sui tuoi diritti relativi ai dati trattati.<\/p><p>Dati personali raccolti, metodo di raccolta e base giuridica<\/p><p>Dati Personali Raccolti, Metodo di Raccolta e Base Giuridica Il tuo indirizzo IP e le informazioni sull\u2019agente utente vengono raccolti automaticamente o non automaticamente tramite tecnologie come i cookie e simili. Questi dati sono utilizzati solo per scopi di analisi. In alcuni casi, vengono ottenuti, registrati, memorizzati e aggiornati da terze parti come fornitori analitici, reti pubblicitarie, fornitori di informazioni di ricerca e fornitori tecnologici. I dati saranno trattati sulla base del legittimo interesse e nell\u2019ambito e per la durata della relazione contrattuale e dei servizi prestati. <\/p><p>Scopo del Trattamento dei Dati Personali<\/p><p>I dati personali che condividerai con noi saranno trattati esclusivamente per scopi di analisi. Ci\u00f2 ci consentir\u00e0 di offrire al meglio i nostri servizi, consentirti di accedere e beneficiare dei nostri servizi al massimo livello possibile, sviluppare i nostri servizi in base alle tue esigenze e metterti in contatto con fornitori di servizi pi\u00f9 ampi in conformit\u00e0 con i quadri legali applicabili. Inoltre, i dati potrebbero essere condivisi con autorit\u00e0 giudiziarie e amministrative a seguito di richieste legali. <\/p><p>Destinatari e Scopi della Condivisione dei Dati Personali Raccolti<\/p><p>I dati personali che condividerai con noi potranno essere condivisi con terze parti, nazionali e internazionali, con cui collaboriamo o con cui abbiamo rapporti contrattuali, o in risposta a richieste legali da parte di autorit\u00e0 giudiziarie e amministrative. La condivisione avverr\u00e0 previa adozione delle misure tecniche e amministrative necessarie.<\/p><p>I suoi diritti in qualit\u00e0 di Interessato i cui dati personali sono trattati<\/p><p>Diritti dell\u2019Interessato in Qualit\u00e0 di Soggetto dei Dati Personali In base all\u2019articolo 11 della Legge sulla Protezione dei Dati Personali, hai il diritto di esercitare le seguenti opzioni comunicando con il responsabile del trattamento dei dati:<\/p><p>Conoscere se i tuoi dati personali sono stati trattati<br>Ottenere informazioni sui dati personali trattati<br>Conoscere lo scopo del trattamento e se viene eseguito in conformit\u00e0 con lo scopo<br>Sapere a chi sono stati comunicati i tuoi dati personali, sia all\u2019interno che all\u2019esterno del paese<br>Richiedere la correzione dei dati personali in caso di incompletezza o errore<br>Richiedere la cancellazione o distruzione dei dati personali<br>Essere informato delle azioni intraprese conformemente all\u2019articolo 11, lettere (e) ed (f) della Legge- Opporsi a decisioni basate su analisi automatica dei dati<br>Richiedere il risarcimento dei danni in caso di trattamento illegale dei dati personali<br>Per esercitare i tuoi diritti, puoi contattarci all\u2019indirizzo info@oktaytuney.com.    <\/p><p><strong>Contatti<\/strong><\/p><p>Per poterti fornire i nostri servizi e condurre analisi, trattiamo solo i dati personali necessari in conformit\u00e0 con questa politica sulla privacy e sulla protezione dei dati personali. Se scegli di continuare ad utilizzare il sito, daremo per scontato che accetti questa politica. Per ulteriori informazioni, non esitare a contattarci all\u2019indirizzo e-mail info@oktaytuney.com.   <\/p>\t\t\t\t\t\t\t\t<\/div>\n\t\t\t\t<\/div>\n\t\t\t\t\t<\/div>\n\t\t\t\t<\/div>\n\t\t\t\t<\/div>\n\t\t","protected":false},"excerpt":{"rendered":"<p>La tua sicurezza \u00e9 importante per noi. Pertanto, i dati personali che condividerai con noi saranno trattati con grande attenzione. Noi, Oktay Tuney Clinic, in qualit\u00e0 di responsabile del trattamento, con questa politica sulla privacy e sulla protezione dei dati personali, intendiamo fornirti informazioni su quali dati personali saranno trattati per quale scopo, con chi&#8230;<\/p>\n","protected":false},"author":1,"featured_media":0,"parent":0,"menu_order":0,"comment_status":"closed","ping_status":"closed","template":"","meta":{"_acf_changed":false,"footnotes":""},"class_list":["post-45638","page","type-page","status-publish","hentry"],"acf":[],"_links":{"self":[{"href":"https:\/\/oktaytuney.com\/it\/wp-json\/wp\/v2\/pages\/45638","targetHints":{"allow":["GET"]}}],"collection":[{"href":"https:\/\/oktaytuney.com\/it\/wp-json\/wp\/v2\/pages"}],"about":[{"href":"https:\/\/oktaytuney.com\/it\/wp-json\/wp\/v2\/types\/page"}],"author":[{"embeddable":true,"href":"https:\/\/oktaytuney.com\/it\/wp-json\/wp\/v2\/users\/1"}],"replies":[{"embeddable":true,"href":"https:\/\/oktaytuney.com\/it\/wp-json\/wp\/v2\/comments?post=45638"}],"version-history":[{"count":3,"href":"https:\/\/oktaytuney.com\/it\/wp-json\/wp\/v2\/pages\/45638\/revisions"}],"predecessor-version":[{"id":45659,"href":"https:\/\/oktaytuney.com\/it\/wp-json\/wp\/v2\/pages\/45638\/revisions\/45659"}],"wp:attachment":[{"href":"https:\/\/oktaytuney.com\/it\/wp-json\/wp\/v2\/media?parent=45638"}],"curies":[{"name":"wp","href":"https:\/\/api.w.org\/{rel}","templated":true}]}}