{"id":45669,"date":"2024-09-14T16:44:04","date_gmt":"2024-09-14T13:44:04","guid":{"rendered":"https:\/\/oktaytuney.com\/kvkk\/"},"modified":"2026-05-05T21:05:11","modified_gmt":"2026-05-05T18:05:11","slug":"kvkk","status":"publish","type":"page","link":"https:\/\/oktaytuney.com\/tr\/kvkk\/","title":{"rendered":"KVKK"},"content":{"rendered":"\t\t<div data-elementor-type=\"wp-page\" data-elementor-id=\"45669\" class=\"elementor elementor-45669 elementor-38623\">\n\t\t\t\t<div class=\"elementor-element elementor-element-2b3df23 e-flex e-con-boxed cmsmasters-bg-hide-none cmsmasters-bg-hide-none cmsmasters-block-default e-con e-parent\" data-id=\"2b3df23\" data-element_type=\"container\" data-e-type=\"container\" data-settings=\"{&quot;background_background&quot;:&quot;classic&quot;}\">\n\t\t\t\t\t<div class=\"e-con-inner\">\n\t\t\t\t<div class=\"elementor-element elementor-element-acb951a elementor-widget__width-initial elementor-widget-mobile__width-initial cmsmasters-block-default cmsmasters-sticky-default elementor-widget elementor-widget-heading\" data-id=\"acb951a\" data-element_type=\"widget\" data-e-type=\"widget\" data-widget_type=\"heading.default\">\n\t\t\t\t<div class=\"elementor-widget-container\">\n\t\t\t\t\t<h1 class=\"elementor-heading-title elementor-size-default\">Ar\u015fivler<\/h1>\t\t\t\t<\/div>\n\t\t\t\t<\/div>\n\t\t\t\t\t<\/div>\n\t\t\t\t<\/div>\n\t\t<div class=\"elementor-element elementor-element-ff5038e e-flex e-con-boxed cmsmasters-block-default e-con e-parent\" data-id=\"ff5038e\" data-element_type=\"container\" data-e-type=\"container\">\n\t\t\t\t\t<div class=\"e-con-inner\">\n\t\t\t\t<div class=\"elementor-element elementor-element-255b9e2 elementor-widget__width-inherit cmsmasters-block-default cmsmasters-sticky-default elementor-widget elementor-widget-text-editor\" data-id=\"255b9e2\" data-element_type=\"widget\" data-e-type=\"widget\" data-widget_type=\"text-editor.default\">\n\t\t\t\t<div class=\"elementor-widget-container\">\n\t\t\t\t\t\t\t\t\t<p><strong>K\u0130\u015e\u0130SEL VER\u0130LER\u0130N KORUNMASI VE \u0130\u015eLENMES\u0130 HAKKINDA GENEL AYDINLATMA METN\u0130<\/strong><\/p><p>BRAVO ESTET\u0130K CERRAH\u0130 VE SA\u011eLIK H\u0130ZMETLER\u0130 SANAY\u0130 T\u0130CARET L\u0130M\u0130TED \u015e\u0130RKET\u0130 (\u201cBRAVO ESTET\u0130K\u201d veya \u201c\u015eirket\u201d) olarak ki\u015fisel verilerinizin g\u00fcvenli\u011fi hususuna azami hassasiyet g\u00f6stermekteyiz. Bu bilin\u00e7le, \u015eirket\u2019in etkile\u015fim i\u00e7erisine oldu\u011fu ger\u00e7ek ki\u015filere ait ki\u015fisel verilerin 6698 say\u0131l\u0131 Ki\u015fisel Verilerin Korunmas\u0131 Kanunu (\u201cKanun\u201d)\u2019na, Kanun\u2019a ba\u011fl\u0131 y\u00fcr\u00fcrl\u00fc\u011fe koyulan ve koyulacak ikincil d\u00fczenlemelere (y\u00f6netmelik, tebli\u011f, genelge) ve ba\u011flay\u0131c\u0131 nitelikteki Ki\u015fisel Verileri Koruma Kurulu taraf\u0131ndan al\u0131nm\u0131\u015f ve al\u0131nacak kararlara uygun olarak i\u015flenerek, muhafaza edilmesine b\u00fcy\u00fck \u00f6nem atfetmekteyiz. Bu sorumlulu\u011fumuzun tam idraki ile Kanun\u2019da tan\u0131ml\u0131 \u015fekli ile \u201cVeri Sorumlusu\u201d s\u0131fat\u0131yla, ki\u015fisel verilerinizi a\u015fa\u011f\u0131da izah edildi\u011fi surette ve mevzuat taraf\u0131ndan emredilen s\u0131n\u0131rlar \u00e7er\u00e7evesinde i\u015flemekteyiz.  <\/p><p>Veri Sorumlusuna \u0130li\u015fkin Bilgiler<br>Kanun uyar\u0131nca \u0130stanbul Ticaret Sicil M\u00fcd\u00fcrl\u00fc\u011f\u00fc\u2019nde \u2026\u2026. sicil numaras\u0131yla kay\u0131tl\u0131, [*] vergi kimlik numaral\u0131, \u201cDikilita\u015f, Ayazmaderesi Cd No:6\/1<br>34349 Be\u015fikta\u015f\/\u0130stanbul\u201d adresinde mukim BRAVO ESTET\u0130K CERRAH\u0130 VE SA\u011eLIK H\u0130ZMETLER\u0130 SANAY\u0130 T\u0130CARET L\u0130M\u0130TED \u015e\u0130RKET\u0130 Veri Sorumlusudur.<\/p><p><strong>Ki\u015fisel Verilerin \u0130\u015flenme Ama\u00e7lar\u0131<\/strong><br>Ki\u015fisel verileriniz \u015eirket taraf\u0131ndan; \u015eirket\u2019in y\u00fcr\u00fctt\u00fc\u011f\u00fc ticari faaliyetlerin mevzuata ve \u015eirket politikalar\u0131na uygun olarak yerine getirilmesi i\u00e7in \u015eirket\u2019in i\u015f birimleri taraf\u0131ndan gerekli \u00e7al\u0131\u015fmalar\u0131n yap\u0131lmas\u0131 ve bu do\u011frultuda faaliyetlerin y\u00fcr\u00fct\u00fclmesi, \u015eirket\u2019in k\u0131sa, orta ve uzun vadede ticari politikalar\u0131n\u0131n tespit edilmesi, planlanmas\u0131 ve uygulanmas\u0131, \u015eirket\u2019in insan kaynaklar\u0131 faaliyetlerinin tasarlanmas\u0131 ve y\u00fcr\u00fct\u00fclmesi, \u015eirket\u2019in ilgili mevzuattan do\u011fan y\u00fck\u00fcml\u00fcl\u00fcklerin yerine getirilmesi, m\u00fc\u015fteri ili\u015fkileri ve kurumsal ileti\u015fim s\u00fcre\u00e7lerinin y\u00f6netilmesi ve \u015eirket\u2019in i\u015f ili\u015fkisi i\u00e7erisinde oldu\u011fu ger\u00e7ek ve t\u00fczel ki\u015filerin ticari ve hukuki emniyetinin sa\u011flanmas\u0131 ama\u00e7lar\u0131yla Kanun\u2019da belirtilen s\u0131n\u0131rlar \u00e7er\u00e7evesinde hukuka, d\u00fcr\u00fcstl\u00fck kurallar\u0131na uygun ve i\u015fbu ama\u00e7larla her daim ba\u011flant\u0131l\u0131, s\u0131n\u0131rl\u0131 ve \u00f6l\u00e7\u00fcl\u00fc \u015fekilde i\u015flenmektedir.<\/p><p>Ki\u015fisel Verilerin Aktar\u0131lmas\u0131<br>Ki\u015fisel verileriniz yukar\u0131da belirtilen ama\u00e7lar dahilinde, Kanun\u2019un 8. ve 9. maddesinde belirtilen \u015fartlara uygun olarak ba\u015fta kanunen yetkili kamu kurulu\u015flar\u0131na, adli ve idari makamlara, sair mevzuatta izin verilen \u00f6zel hukuk t\u00fczel ve ger\u00e7ek ki\u015filerine, \u015eirket\u2019i denetime yetkili kurum ve kurulu\u015flara, \u00f6demelerin ve mali y\u00fck\u00fcml\u00fcl\u00fcklerin yerine getirilmesi ad\u0131na anla\u015fmal\u0131 olunan \u00f6deme kurulu\u015flar\u0131na, \u015eirket\u2019in faaliyetlerinin y\u00fcr\u00fct\u00fclmesi ve geli\u015ftirilmesi i\u00e7in hizmet al\u0131nan veya i\u015fbirli\u011fi i\u00e7erisinde olunan i\u015f ortaklar\u0131na ve sadece gerekti\u011finde \u015eirket\u2019in tedarik\u00e7ilerine Kanun\u2019da belirtilen veri g\u00fcvenli\u011fi tedbirleri al\u0131nmak suretiyle aktar\u0131lmaktad\u0131r.<\/p><p>Ki\u015fisel Verilerin Toplanma Y\u00f6ntemi ve Hukuki Sebebi<br>Ki\u015fisel verileriniz, \u015eirket\u2019in yetkili birim ve \u00e7al\u0131\u015fanlar\u0131 taraf\u0131ndan otomatik ve otomatik olmayan y\u00f6ntemlerle, s\u00f6zl\u00fc, yaz\u0131l\u0131 veya elektronik ortamda toplanmaktad\u0131r. Bu kapsamda kimlik, ileti\u015fim, \u00f6zl\u00fck, hukuki i\u015flem, m\u00fc\u015fteri i\u015flem, fiziksel mek\u00e2n g\u00fcvenli\u011fi, i\u015flem g\u00fcvenli\u011fi, risk y\u00f6netimi, finans, mesleki deneyim, pazarlama, g\u00f6rsel ve i\u015fitsel kay\u0131tlar kategorisinde yer alan ki\u015fisel veriler; Kanun\u2019un 5. Maddesinin ikinci f\u0131kras\u0131nda g\u00f6sterilen bir s\u00f6zle\u015fmenin kurulmas\u0131 veya ifas\u0131yla do\u011frudan do\u011fruya ilgili olmas\u0131ndan dolay\u0131 s\u00f6zle\u015fmenin taraflar\u0131na ait ki\u015fisel verilerin i\u015flenmesinin zorunlu olmas\u0131, veri sorumlusunun hukuki y\u00fck\u00fcml\u00fcl\u00fc\u011f\u00fcn\u00fc yerine getirebilmesi i\u00e7in veri i\u015flemenin zorunlu olmas\u0131, ilgili ki\u015finin kendisi taraf\u0131ndan alenile\u015ftirilmi\u015f olmas\u0131 ve ilgili ki\u015finin temel hak ve \u00f6zg\u00fcrl\u00fcklerinize zarar vermemek kayd\u0131yla \u015eirket\u2019in me\u015fru menfaatleri i\u00e7in veri i\u015flemenin zorunlu olmas\u0131 hukuki sebeplerine dayal\u0131 olarak i\u015flenmektedir. <\/p><p>Veri Sahiplerinin Kanun Kapsam\u0131ndaki Haklar\u0131<br>Diledi\u011finiz zaman BRAVO ESTET\u0130K\u2019e ba\u015fvurarak;<br>Ki\u015fisel verilerinizin i\u015flenip i\u015flenmedi\u011fini \u00f6\u011frenme,<br>Ki\u015fisel verileriniz i\u015flenmi\u015fse buna ili\u015fkin bilgi talep etme,<br>Ki\u015fisel verilerinizin i\u015flenme amac\u0131n\u0131 ve bunlar\u0131n amac\u0131na uygun kullan\u0131l\u0131p kullan\u0131lmad\u0131\u011f\u0131n\u0131 \u00f6\u011frenme,<br>Yurt i\u00e7inde veya yurt d\u0131\u015f\u0131nda ki\u015fisel verilerinizin aktar\u0131ld\u0131\u011f\u0131 \u00fc\u00e7\u00fcnc\u00fc ki\u015fileri bilme,<br>Ki\u015fisel verilerinizin eksik veya yanl\u0131\u015f i\u015flenmi\u015f olmas\u0131 h\u00e2linde bunlar\u0131n d\u00fczeltilmesini isteme,<br>Kanun\u2019un 7. maddesinde \u00f6ng\u00f6r\u00fclen \u015fartlar \u00e7er\u00e7evesinde ki\u015fisel verilerin silinmesini veya yok edilmesini isteme,<br>Kanun\u2019un 11. maddesinin (d) ve (e) bentleri uyar\u0131nca yap\u0131lan i\u015flemlerin, ki\u015fisel verilerinizin aktar\u0131ld\u0131\u011f\u0131 \u00fc\u00e7\u00fcnc\u00fc ki\u015filere bildirilmesini isteme,<br>\u0130\u015flenen verilerinizin m\u00fcnhas\u0131ran otomatik sistemler vas\u0131tas\u0131yla analiz edilmesi suretiyle kendiniz aleyhine bir sonucun ortaya \u00e7\u0131kmas\u0131na itiraz etme,<br>Ki\u015fisel verilerinizin kanuna ayk\u0131r\u0131 olarak i\u015flenmesi sebebiyle zarara u\u011framan\u0131z h\u00e2linde zarar\u0131n giderilmesini talep etme,<\/p><p>Haklar\u0131n\u0131z\u0131 kullanmay\u0131 talep edebilirsiniz. Haklar\u0131n\u0131za ve Kanunun uygulanmas\u0131na ili\u015fkin taleplerinizi, https:\/\/oktaytuney.com\/ adresinden temin edebilece\u011finiz ba\u015fvuru formunu doldurarak \u0131slak imzal\u0131 \u015fekilde \u201cDikilita\u015f, Ayazmaderesi Cd No:6\/1 34349 Be\u015fikta\u015f\/\u0130stanbul\u201d adresine noter kanal\u0131yla, iadeli taahh\u00fctl\u00fc posta yoluyla veya \u015fahsi ba\u015fvurunuzla ya da elektronik ortamda doldurdu\u011funuz ba\u015fvuru formunu mobil imzan\u0131zla, g\u00fcvenli elektronik imzan\u0131zla imzalad\u0131ktan sonra KEP adresinizi veya \u015eirket\u2019in veri kay\u0131t sisteminde halihaz\u0131rda kay\u0131tl\u0131 olan e-posta adresinizi kullanarak [kep adresi] veya info@oktaytuney.com adresine iletebilirsiniz. BRAVO ESTET\u0130K, bu kapsamdaki taleplere yaz\u0131l\u0131 olarak cevap verilecekse, on sayfaya kadar \u00fccret almadan; on sayfan\u0131n \u00fczerindeki her sayfa i\u00e7in 1 T\u00fcrk Liras\u0131 i\u015flem \u00fccreti alarak yan\u0131tland\u0131racakt\u0131r. Ba\u015fvuruya cevab\u0131n CD, flash bellek gibi bir kay\u0131t ortam\u0131nda verilmesi halinde \u015eirket taraf\u0131ndan talep edilebilecek \u00fccret kay\u0131t ortam\u0131n\u0131n maliyetini ge\u00e7emeyecektir.   <\/p><p>Ki\u015fisel veri sahibi olarak sahip oldu\u011funuz ve yukar\u0131da belirtilen haklar\u0131n\u0131z\u0131 kullanmak i\u00e7in yapaca\u011f\u0131n\u0131z ve kullanmay\u0131 talep etti\u011finiz hakka ili\u015fkin a\u00e7\u0131klamalar\u0131n\u0131z\u0131 i\u00e7eren ba\u015fvuruda; talep etti\u011finiz hususun a\u00e7\u0131k ve anla\u015f\u0131l\u0131r olmas\u0131, talep etti\u011finiz konunun \u015fahs\u0131n\u0131z ile ilgili olmas\u0131 veya ba\u015fkas\u0131 ad\u0131na hareket ediyor iseniz bu konuda noter taraf\u0131ndan tasdiklenmi\u015f \u00f6zel vek\u00e2letnamenizi ibraz etmeniz gerekecektir. Ba\u015fvurular\u0131n\u0131zda, ad-soyad, imza, T.C. kimlik numaras\u0131, ikamet veya i\u015fyeri adresi, e-posta adresi, telefon ve faks numaras\u0131, talep konusu unsurlar\u0131n\u0131n bulunmas\u0131 \u201cVeri Sorumlusuna Ba\u015fvuru Usul ve Esaslar\u0131 Hakk\u0131nda Tebli\u011f\u201d uyar\u0131nca zorunludur. S\u00f6z konusu unsurlar\u0131 bar\u0131nd\u0131rmayan ba\u015fvurular BRAVO ESTET\u0130K taraf\u0131ndan reddedilecektir.  <\/p><p>BRAVO ESTET\u0130K CERRAH\u0130 VE SA\u011eLIK H\u0130ZMETLER\u0130 SANAY\u0130 T\u0130CARET L\u0130M\u0130TED \u015e\u0130RKET\u0130<\/p>\t\t\t\t\t\t\t\t<\/div>\n\t\t\t\t<\/div>\n\t\t\t\t\t<\/div>\n\t\t\t\t<\/div>\n\t\t\t\t<\/div>\n\t\t","protected":false},"excerpt":{"rendered":"<p>K\u0130\u015e\u0130SEL VER\u0130LER\u0130N KORUNMASI VE \u0130\u015eLENMES\u0130 HAKKINDA GENEL AYDINLATMA METN\u0130 BRAVO ESTET\u0130K CERRAH\u0130 VE SA\u011eLIK H\u0130ZMETLER\u0130 SANAY\u0130 T\u0130CARET L\u0130M\u0130TED \u015e\u0130RKET\u0130 (\u201cBRAVO ESTET\u0130K\u201d veya \u201c\u015eirket\u201d) olarak ki\u015fisel verilerinizin g\u00fcvenli\u011fi hususuna azami hassasiyet g\u00f6stermekteyiz. Bu bilin\u00e7le, \u015eirket\u2019in etkile\u015fim i\u00e7erisine oldu\u011fu ger\u00e7ek ki\u015filere ait ki\u015fisel verilerin 6698 say\u0131l\u0131 Ki\u015fisel Verilerin Korunmas\u0131 Kanunu (\u201cKanun\u201d)\u2019na, Kanun\u2019a ba\u011fl\u0131 y\u00fcr\u00fcrl\u00fc\u011fe koyulan ve koyulacak&#8230;<\/p>\n","protected":false},"author":1,"featured_media":0,"parent":0,"menu_order":0,"comment_status":"closed","ping_status":"closed","template":"","meta":{"_acf_changed":false,"footnotes":""},"class_list":["post-45669","page","type-page","status-publish","hentry"],"acf":[],"_links":{"self":[{"href":"https:\/\/oktaytuney.com\/tr\/wp-json\/wp\/v2\/pages\/45669","targetHints":{"allow":["GET"]}}],"collection":[{"href":"https:\/\/oktaytuney.com\/tr\/wp-json\/wp\/v2\/pages"}],"about":[{"href":"https:\/\/oktaytuney.com\/tr\/wp-json\/wp\/v2\/types\/page"}],"author":[{"embeddable":true,"href":"https:\/\/oktaytuney.com\/tr\/wp-json\/wp\/v2\/users\/1"}],"replies":[{"embeddable":true,"href":"https:\/\/oktaytuney.com\/tr\/wp-json\/wp\/v2\/comments?post=45669"}],"version-history":[{"count":1,"href":"https:\/\/oktaytuney.com\/tr\/wp-json\/wp\/v2\/pages\/45669\/revisions"}],"predecessor-version":[{"id":45670,"href":"https:\/\/oktaytuney.com\/tr\/wp-json\/wp\/v2\/pages\/45669\/revisions\/45670"}],"wp:attachment":[{"href":"https:\/\/oktaytuney.com\/tr\/wp-json\/wp\/v2\/media?parent=45669"}],"curies":[{"name":"wp","href":"https:\/\/api.w.org\/{rel}","templated":true}]}}